{"id":14,"date":"2019-01-15T17:00:08","date_gmt":"2019-01-15T17:00:08","guid":{"rendered":"http:\/\/192.168.0.100\/wordpress\/?page_id=14"},"modified":"2025-12-02T12:18:24","modified_gmt":"2025-12-02T11:18:24","slug":"sobre-1d3a","status":"publish","type":"page","link":"https:\/\/1d3a.es\/?page_id=14","title":{"rendered":"Sobre 1D3A"},"content":{"rendered":"[vc_row css=\u00bb.vc_custom_1764186114629{padding-top: 50px !important;padding-bottom: 50px !important;}\u00bb][vc_column][vc_column_text css=\u00bb.vc_custom_1764186151187{margin-bottom: 0px !important;}\u00bb]\n<p data-start=\"52\" data-end=\"419\"><strong>HISTORIA DE LA EMPRESA<\/strong><\/p>\n<p data-start=\"52\" data-end=\"419\">1D3A naci\u00f3 en 2007 con el objetivo de ofrecer soluciones tecnol\u00f3gicas avanzadas para el tratamiento, an\u00e1lisis e integraci\u00f3n de datos audiovisuales. Su origen se encuentra en la detecci\u00f3n de una necesidad com\u00fan en diversos sectores: disponer de herramientas eficaces que optimicen el uso del v\u00eddeo y faciliten la gesti\u00f3n de informaci\u00f3n procedente de m\u00faltiples fuentes.<\/p>\n<p data-start=\"421\" data-end=\"811\">A partir de esa premisa, se desarroll\u00f3 una plataforma innovadora que mejoraba significativamente los procesos de an\u00e1lisis y edici\u00f3n de v\u00eddeo, impulsando la eficiencia y la toma de decisiones basada en datos. Su r\u00e1pida adopci\u00f3n en entornos profesionales de alto rendimiento evidenci\u00f3 el potencial de la tecnolog\u00eda, lo que llev\u00f3 a ampliar su aplicaci\u00f3n a otros \u00e1mbitos m\u00e1s all\u00e1 del deportivo.<\/p>\n<p data-start=\"813\" data-end=\"1223\">Con el tiempo, 1D3A consolid\u00f3 su posici\u00f3n como desarrollador de soluciones s\u00f3lidas y plataformas polivalentes, adaptadas a las necesidades espec\u00edficas de cada cliente. La empresa trabaja en proyectos que integran v\u00eddeo, datos sens\u00f3ricos y otras fuentes de informaci\u00f3n, contribuyendo a la digitalizaci\u00f3n y optimizaci\u00f3n de procesos en sectores como la industria, la salud, la educaci\u00f3n y el deporte, entre otros.<\/p>\n<p data-start=\"1225\" data-end=\"1414\">En 2016, 1D3A obtuvo el reconocimiento de Excelencia de la Comisi\u00f3n Europea a trav\u00e9s del programa Horizon 2020 \u2013 SME Instrument, destacando su capacidad innovadora y su impacto tecnol\u00f3gico.<\/p>\n<p data-start=\"1416\" data-end=\"1686\">Actualmente, 1D3A cuenta con un equipo multidisciplinar con experiencia multisectorial y presencia internacional, desarrollando proyectos en los cinco continentes y consolid\u00e1ndose como un referente en soluciones de an\u00e1lisis, integraci\u00f3n y gesti\u00f3n de datos audiovisuales.<\/p>\n[\/vc_column_text][\/vc_column][\/vc_row][vc_row fullwidth=\u00bbtrue\u00bb fullwidth_content=\u00bbfalse\u00bb css=\u00bb.vc_custom_1547737430986{background-color: #d7371b !important;}\u00bb][vc_column css=\u00bb.vc_custom_1547659045406{margin-top: 100px !important;margin-bottom: 100px !important;}\u00bb][mk_padding_divider size=\u00bb30&#8243;][mk_title_box font_family=\u00bbnone\u00bb align=\u00bbcenter\u00bb]<strong><span style=\"color: #ffffff;\">Misi\u00f3n:<\/span><\/strong>[\/mk_title_box][vc_column_text align=\u00bbcenter\u00bb css=\u00bb.vc_custom_1764674222951{margin-bottom: 0px !important;}\u00bb]\n<h3><span style=\"color: #ffffff;\">Convertimos la complejidad de los datos en soluciones que impulsan el crecimiento y la eficiencia empresarial.<\/span><\/h3>\n[\/vc_column_text][mk_padding_divider size=\u00bb50&#8243;][\/vc_column][\/vc_row][vc_row][vc_column][mk_padding_divider size=\u00bb80&#8243;][vc_column_text css=\u00bb.vc_custom_1764674098137{margin-bottom: 0px !important;}\u00bb]\n<p class=\"subtitulos\">Valores<\/p>\n<p class=\"subsubtitulos\"><strong>Innovaci\u00f3n<\/strong><\/p>\n<p class=\"p1\">En 1D3A promovemos la innovaci\u00f3n como motor de transformaci\u00f3n. Acompa\u00f1amos a las organizaciones en la digitalizaci\u00f3n y optimizaci\u00f3n de sus procesos, con el objetivo de hacerlos m\u00e1s eficientes, competitivos y sostenibles. Creemos que la innovaci\u00f3n debe planificarse y gestionarse estrat\u00e9gicamente para maximizar el retorno de la inversi\u00f3n y reducir la <span class=\"s6\">incertidumbre.<\/span><\/p>\n<p class=\"subsubtitulos\"><strong><br \/>\nConfianza<\/strong><\/p>\n<p class=\"p1\">Entendemos que el verdadero valor se construye a trav\u00e9s de relaciones s\u00f3lidas y duraderas. Por ello, fomentamos v\u00ednculos estables con nuestros clientes basados en la integridad, la transparencia y el rigor profesional, garantizando siempre resultados de calidad y credibilidad en cada proyecto.<\/p>\n<p class=\"subsubtitulos\"><strong><br \/>\nFlexibilidad<\/strong><\/p>\n<p class=\"p1\">Cada cliente es \u00fanico, y sus necesidades tambi\u00e9n lo son. En 1D3A dise\u00f1amos soluciones personalizadas, colaborando estrechamente con nuestros clientes para comprender sus retos y ofrecer respuestas tecnol\u00f3gicas adaptadas y efectivas.<\/p>\n<p class=\"subsubtitulos\"><strong><br \/>\nAgilidad<\/strong><\/p>\n<p class=\"p1\">En un entorno en constante evoluci\u00f3n, la capacidad de adaptaci\u00f3n es clave. Nuestra cultura de mejora continua nos permite anticiparnos al cambio y ayudar a nuestros clientes a aprovechar las oportunidades tecnol\u00f3gicas para mantener su ventaja <span class=\"s4\">competitiva.<\/span><\/p>\n[\/vc_column_text][\/vc_column][\/vc_row][vc_row][vc_column][mk_padding_divider][\/vc_column][\/vc_row]\n","protected":false},"excerpt":{"rendered":"<p>[vc_row css=\u00bb.vc_custom_1764186114629{padding-top: 50px !important;padding-bottom: 50px !important;}\u00bb][vc_column][vc_column_text css=\u00bb.vc_custom_1764186151187{margin-bottom: 0px !important;}\u00bb] HISTORIA DE LA EMPRESA 1D3A naci\u00f3 en 2007 con el objetivo de ofrecer soluciones tecnol\u00f3gicas avanzadas para el tratamiento, an\u00e1lisis e integraci\u00f3n de datos audiovisuales. Su origen se encuentra en la detecci\u00f3n de una necesidad com\u00fan en diversos sectores: disponer de herramientas eficaces que optimicen el [&hellip;]<\/p>\n","protected":false},"author":6,"featured_media":0,"parent":0,"menu_order":0,"comment_status":"closed","ping_status":"closed","template":"","meta":{"_mo_disable_npp":""},"_links":{"self":[{"href":"https:\/\/1d3a.es\/index.php?rest_route=\/wp\/v2\/pages\/14"}],"collection":[{"href":"https:\/\/1d3a.es\/index.php?rest_route=\/wp\/v2\/pages"}],"about":[{"href":"https:\/\/1d3a.es\/index.php?rest_route=\/wp\/v2\/types\/page"}],"author":[{"embeddable":true,"href":"https:\/\/1d3a.es\/index.php?rest_route=\/wp\/v2\/users\/6"}],"replies":[{"embeddable":true,"href":"https:\/\/1d3a.es\/index.php?rest_route=%2Fwp%2Fv2%2Fcomments&post=14"}],"version-history":[{"count":0,"href":"https:\/\/1d3a.es\/index.php?rest_route=\/wp\/v2\/pages\/14\/revisions"}],"wp:attachment":[{"href":"https:\/\/1d3a.es\/index.php?rest_route=%2Fwp%2Fv2%2Fmedia&parent=14"}],"curies":[{"name":"wp","href":"https:\/\/api.w.org\/{rel}","templated":true}]}}