{"id":31,"date":"2019-01-15T17:17:03","date_gmt":"2019-01-15T17:17:03","guid":{"rendered":"http:\/\/192.168.0.100\/wordpress\/?page_id=31"},"modified":"2025-12-10T10:34:28","modified_gmt":"2025-12-10T09:34:28","slug":"homepage","status":"publish","type":"page","link":"https:\/\/1d3a.es\/","title":{"rendered":"Home"},"content":{"rendered":"[vc_row fullwidth=\u00bbtrue\u00bb][vc_column el_class=\u00bbimghome\u00bb offset=\u00bbvc_hidden-sm vc_hidden-xs\u00bb][vc_single_image image=\u00bb695&#8243; img_size=\u00bbfull\u00bb alignment=\u00bbcenter\u00bb el_class=\u00bbimagenhome\u00bb][\/vc_column][\/vc_row][vc_row fullwidth=\u00bbtrue\u00bb][vc_column offset=\u00bbvc_hidden-lg vc_hidden-md\u00bb][vc_single_image image=\u00bb567&#8243; img_size=\u00bbfull\u00bb][\/vc_column][\/vc_row][vc_row fullwidth=\u00bbtrue\u00bb disable_element=\u00bbyes\u00bb][vc_column][vc_row_inner][vc_column_inner][vc_column_text][mk_revslider id=\u00bbmain\u00bb][\/vc_column_text][\/vc_column_inner][\/vc_row_inner][\/vc_column][\/vc_row][vc_row fullwidth=\u00bbtrue\u00bb fullwidth_content=\u00bbfalse\u00bb css=\u00bb.vc_custom_1764957692846{background-color: #1e3954 !important;}\u00bb][vc_column css=\u00bb.vc_custom_1547659045406{margin-top: 100px !important;margin-bottom: 100px !important;}\u00bb][vc_column_text align=\u00bbcenter\u00bb css=\u00bb.vc_custom_1764185060200{margin-bottom: 0px !important;}\u00bb]\n<p class=\"introduccionhome\">1D3A es una ingenier\u00eda de tecnolog\u00eda e innovaci\u00f3n especializada en sistemas de tratamiento, gesti\u00f3n y catalogaci\u00f3n de v\u00eddeos.<\/p>\n<p class=\"introduccionhome\">Fue fundada en 2007 y cuenta con un equipo de profesionales especializados en deportes e infraestructuras y clientes en los 5 continentes<\/p>\n[\/vc_column_text][\/vc_column][\/vc_row][vc_row fullwidth=\u00bbtrue\u00bb fullwidth_content=\u00bbfalse\u00bb][vc_column][vc_row_inner][vc_column_inner css=\u00bb.vc_custom_1548866506249{margin-top: 100px !important;}\u00bb][vc_column_text css=\u00bb.vc_custom_1548858945080{margin-bottom: 0px !important;}\u00bb]\n<p class=\"tituloshome\" style=\"text-align: center;\">1D3A ha desarrollado una plataforma de video multifuncional que permite maximizar la utilizaci\u00f3n del video en diversos campos:<\/p>\n[\/vc_column_text][\/vc_column_inner][\/vc_row_inner][\/vc_column][\/vc_row][vc_row][vc_column][mk_padding_divider size=\u00bb15&#8243;][vc_separator color=\u00bbcustom\u00bb style=\u00bbshadow\u00bb border_width=\u00bb3&#8243; css_animation=\u00bbappear\u00bb accent_color=\u00bb#a80c19&#8243;][mk_padding_divider size=\u00bb15&#8243;][vc_raw_html]JTNDJTIxLS0lMjBGb250JTIwQXdlc29tZSUyMEljb25zJTIwLS0lM0UlMEElM0NsaW5rJTIwcmVsJTNEJTIyc3R5bGVzaGVldCUyMiUyMGhyZWYlM0QlMjJodHRwcyUzQSUyRiUyRmNkbmpzLmNsb3VkZmxhcmUuY29tJTJGYWpheCUyRmxpYnMlMkZmb250LWF3ZXNvbWUlMkY2LjUuMCUyRmNzcyUyRmFsbC5taW4uY3NzJTIyJTNFJTBBJTBBJTNDc3R5bGUlM0UlMEElMjAlMjAlMjAlMjAuZmVhdHVyZXMtc2VjdGlvbiUyMCU3QiUwQSUyMCUyMCUyMCUyMCUyMCUyMCUyMCUyMGRpc3BsYXklM0ElMjBncmlkJTNCJTBBJTIwJTIwJTIwJTIwJTIwJTIwJTIwJTIwZ3JpZC10ZW1wbGF0ZS1jb2x1bW5zJTNBJTIwcmVwZWF0JTI4YXV0by1maXQlMkMlMjBtaW5tYXglMjgyNjBweCUyQyUyMDFmciUyOSUyOSUzQiUwQSUyMCUyMCUyMCUyMCUyMCUyMCUyMCUyMGdhcCUzQSUyMDM1cHglM0IlMEElMjAlMjAlMjAlMjAlMjAlMjAlMjAlMjBwYWRkaW5nJTNBJTIwMjBweCUyMDEwcHglM0IlMEElMjAlMjAlMjAlMjAlN0QlMEElMEElMjAlMjAlMjAlMjAuZmVhdHVyZS1jYXJkJTIwJTdCJTBBJTIwJTIwJTIwJTIwJTIwJTIwJTIwJTIwYmFja2dyb3VuZCUzQSUyMCUyM2ZmZmZmZiUzQiUwQSUyMCUyMCUyMCUyMCUyMCUyMCUyMCUyMGJvcmRlci1yYWRpdXMlM0ElMjAxNHB4JTNCJTBBJTIwJTIwJTIwJTIwJTIwJTIwJTIwJTIwcGFkZGluZyUzQSUyMDMwcHglMjAyNXB4JTNCJTBBJTIwJTIwJTIwJTIwJTIwJTIwJTIwJTIwYm94LXNoYWRvdyUzQSUyMDAlMjA2cHglMjAyMHB4JTIwcmdiYSUyODAlMkMwJTJDMCUyQzAuMDglMjklM0IlMEElMjAlMjAlMjAlMjAlMjAlMjAlMjAlMjB0cmFuc2l0aW9uJTNBJTIwYWxsJTIwLjI1cyUyMGVhc2UlM0IlMEElMjAlMjAlMjAlMjAlMjAlMjAlMjAlMjB0ZXh0LWFsaWduJTNBJTIwbGVmdCUzQiUwQSUyMCUyMCUyMCUyMCUyMCUyMCUyMCUyMGJvcmRlciUzQSUyMDFweCUyMHNvbGlkJTIwJTIzZWVlJTNCJTBBJTIwJTIwJTIwJTIwJTdEJTBBJTBBJTIwJTIwJTIwJTIwLmZlYXR1cmUtY2FyZCUzQWhvdmVyJTIwJTdCJTBBJTIwJTIwJTIwJTIwJTIwJTIwJTIwJTIwdHJhbnNmb3JtJTNBJTIwdHJhbnNsYXRlWSUyOC02cHglMjklM0IlMEElMjAlMjAlMjAlMjAlMjAlMjAlMjAlMjBib3gtc2hhZG93JTNBJTIwMCUyMDEwcHglMjAyOHB4JTIwcmdiYSUyODAlMkMwJTJDMCUyQzAuMTIlMjklM0IlMEElMjAlMjAlMjAlMjAlN0QlMEElMEElMjAlMjAlMjAlMjAuZmVhdHVyZS1pY29uJTIwJTdCJTBBJTIwJTIwJTIwJTIwJTIwJTIwJTIwJTIwZm9udC1zaXplJTNBJTIwNDBweCUzQiUwQSUyMCUyMCUyMCUyMCUyMCUyMCUyMCUyMGNvbG9yJTNBJTIwJTIzZDg0MzE1JTNCJTIwJTJGJTJBJTIwTmFyYW5qYSUyMG1vZGVybm8lMjAlMkElMkYlMEElMjAlMjAlMjAlMjAlMjAlMjAlMjAlMjBtYXJnaW4tYm90dG9tJTNBJTIwMTVweCUzQiUwQSUyMCUyMCUyMCUyMCU3RCUwQSUwQSUyMCUyMCUyMCUyMC5mZWF0dXJlLXRpdGxlJTIwJTdCJTBBJTIwJTIwJTIwJTIwJTIwJTIwJTIwJTIwZm9udC1zaXplJTNBJTIwMjBweCUzQiUwQSUyMCUyMCUyMCUyMCUyMCUyMCUyMCUyMGZvbnQtd2VpZ2h0JTNBJTIwNzAwJTNCJTBBJTIwJTIwJTIwJTIwJTIwJTIwJTIwJTIwY29sb3IlM0ElMjAlMjNkODQzMTUlM0IlMEElMjAlMjAlMjAlMjAlMjAlMjAlMjAlMjBtYXJnaW4tYm90dG9tJTNBJTIwMTJweCUzQiUwQSUyMCUyMCUyMCUyMCU3RCUwQSUwQSUyMCUyMCUyMCUyMC5mZWF0dXJlLWRlc2MlMjAlN0IlMEElMjAlMjAlMjAlMjAlMjAlMjAlMjAlMjBmb250LXNpemUlM0ElMjAxNnB4JTNCJTBBJTIwJTIwJTIwJTIwJTIwJTIwJTIwJTIwbGluZS1oZWlnaHQlM0ElMjAxLjU1JTNCJTBBJTIwJTIwJTIwJTIwJTIwJTIwJTIwJTIwY29sb3IlM0ElMjAlMjM0NDQlM0IlMEElMjAlMjAlMjAlMjAlN0QlMEElMEElMjAlMjAlMjAlMjAlNDBtZWRpYSUyMCUyOG1heC13aWR0aCUzQSUyMDUwMHB4JTI5JTIwJTdCJTBBJTIwJTIwJTIwJTIwJTIwJTIwJTIwJTIwLmZlYXR1cmUtY2FyZCUyMCU3QiUwQSUyMCUyMCUyMCUyMCUyMCUyMCUyMCUyMCUyMCUyMCUyMCUyMHBhZGRpbmclM0ElMjAyMnB4JTIwMThweCUzQiUwQSUyMCUyMCUyMCUyMCUyMCUyMCUyMCUyMCU3RCUwQSUyMCUyMCUyMCUyMCUyMCUyMCUyMCUyMC5mZWF0dXJlLWljb24lMjAlN0IlMEElMjAlMjAlMjAlMjAlMjAlMjAlMjAlMjAlMjAlMjAlMjAlMjBmb250LXNpemUlM0ElMjAzMnB4JTNCJTBBJTIwJTIwJTIwJTIwJTIwJTIwJTIwJTIwJTdEJTBBJTIwJTIwJTIwJTIwJTIwJTIwJTIwJTIwLmZlYXR1cmUtdGl0bGUlMjAlN0IlMEElMjAlMjAlMjAlMjAlMjAlMjAlMjAlMjAlMjAlMjAlMjAlMjBmb250LXNpemUlM0ElMjAxOHB4JTNCJTBBJTIwJTIwJTIwJTIwJTIwJTIwJTIwJTIwJTdEJTBBJTIwJTIwJTIwJTIwJTIwJTIwJTIwJTIwLmZlYXR1cmUtZGVzYyUyMCU3QiUwQSUyMCUyMCUyMCUyMCUyMCUyMCUyMCUyMCUyMCUyMCUyMCUyMGZvbnQtc2l6ZSUzQSUyMDE1cHglM0IlMEElMjAlMjAlMjAlMjAlMjAlMjAlMjAlMjAlN0QlMEElMjAlMjAlMjAlMjAlN0QlMEElM0MlMkZzdHlsZSUzRSUwQSUwQSUzQ2RpdiUyMGNsYXNzJTNEJTIyZmVhdHVyZXMtc2VjdGlvbiUyMiUzRSUwQSUwQSUyMCUyMCUyMCUyMCUzQyUyMS0tJTIwQ29kaWZpY2FyJTIwVmlkZW8lMjAtLSUzRSUwQSUyMCUyMCUyMCUyMCUzQ2RpdiUyMGNsYXNzJTNEJTIyZmVhdHVyZS1jYXJkJTIyJTNFJTBBJTIwJTIwJTIwJTIwJTIwJTIwJTIwJTIwJTNDaSUyMGNsYXNzJTNEJTIyZmEtc29saWQlMjBmYS10YWdzJTIwZmVhdHVyZS1pY29uJTIyJTNFJTNDJTJGaSUzRSUwQSUyMCUyMCUyMCUyMCUyMCUyMCUyMCUyMCUzQ2gzJTIwY2xhc3MlM0QlMjJmZWF0dXJlLXRpdGxlJTIyJTNFQ29kaWZpY2FyJTIwVmlkZW8lM0MlMkZoMyUzRSUwQSUyMCUyMCUyMCUyMCUyMCUyMCUyMCUyMCUzQ3AlMjBjbGFzcyUzRCUyMmZlYXR1cmUtZGVzYyUyMiUzRSUwQSUyMCUyMCUyMCUyMCUyMCUyMCUyMCUyMCUyMCUyMCUyMCUyMENyZWFyJTIwZXRpcXVldGFzJTIwY29uJTIwZGlmZXJlbnRlcyUyMGNvbmNlcHRvcyUyMGVuJTIwY3VhbHF1aWVyJTIwcHVudG8lMjBkZWwlMjB2aWRlbyUyMHBhcmElMjBzZWxlY2Npb25hciUyMGxvcyUyMG1vbWVudG9zJTIwZGVzdGFjYWJsZXMuJTBBJTIwJTIwJTIwJTIwJTIwJTIwJTIwJTIwJTNDJTJGcCUzRSUwQSUyMCUyMCUyMCUyMCUzQyUyRmRpdiUzRSUwQSUwQSUyMCUyMCUyMCUyMCUzQyUyMS0tJTIwSW1wb3J0YXIlMjBEYXRvcyUyMC0tJTNFJTBBJTIwJTIwJTIwJTIwJTNDZGl2JTIwY2xhc3MlM0QlMjJmZWF0dXJlLWNhcmQlMjIlM0UlMEElMjAlMjAlMjAlMjAlMjAlMjAlMjAlMjAlM0NpJTIwY2xhc3MlM0QlMjJmYS1zb2xpZCUyMGZhLWRhdGFiYXNlJTIwZmVhdHVyZS1pY29uJTIyJTNFJTNDJTJGaSUzRSUwQSUyMCUyMCUyMCUyMCUyMCUyMCUyMCUyMCUzQ2gzJTIwY2xhc3MlM0QlMjJmZWF0dXJlLXRpdGxlJTIyJTNFSW1wb3J0YXIlMjBEYXRvcyUzQyUyRmgzJTNFJTBBJTIwJTIwJTIwJTIwJTIwJTIwJTIwJTIwJTNDcCUyMGNsYXNzJTNEJTIyZmVhdHVyZS1kZXNjJTIyJTNFJTBBJTIwJTIwJTIwJTIwJTIwJTIwJTIwJTIwJTIwJTIwJTIwJTIwSW1wb3J0YXIlMjBkaWZlcmVudGVzJTIwZnVlbnRlcyUyMGRlJTIwZGF0b3MlMjB5JTIwZm9ybWF0b3MlMjBwYXJhJTIwc2VyJTIwZnVzaW9uYWRvcyUyMGNvbiUyMGxvcyUyMGNvbnRlbmlkb3MlMjBkZWwlMjB2aWRlby4lMEElMjAlMjAlMjAlMjAlMjAlMjAlMjAlMjAlM0MlMkZwJTNFJTBBJTIwJTIwJTIwJTIwJTNDJTJGZGl2JTNFJTBBJTBBJTIwJTIwJTIwJTIwJTNDJTIxLS0lMjBWaWRlb3MlMjB5JTIwRGF0b3MlMjAtLSUzRSUwQSUyMCUyMCUyMCUyMCUzQ2RpdiUyMGNsYXNzJTNEJTIyZmVhdHVyZS1jYXJkJTIyJTNFJTBBJTIwJTIwJTIwJTIwJTIwJTIwJTIwJTIwJTNDaSUyMGNsYXNzJTNEJTIyZmEtc29saWQlMjBmYS1maWxtJTIwZmVhdHVyZS1pY29uJTIyJTNFJTNDJTJGaSUzRSUwQSUyMCUyMCUyMCUyMCUyMCUyMCUyMCUyMCUzQ2gzJTIwY2xhc3MlM0QlMjJmZWF0dXJlLXRpdGxlJTIyJTNFVmlkZW9zJTIweSUyMERhdG9zJTNDJTJGaDMlM0UlMEElMjAlMjAlMjAlMjAlMjAlMjAlMjAlMjAlM0NwJTIwY2xhc3MlM0QlMjJmZWF0dXJlLWRlc2MlMjIlM0UlMEElMjAlMjAlMjAlMjAlMjAlMjAlMjAlMjAlMjAlMjAlMjAlMjBQcmVzZW50YXIlMjBpbmZvcm1hY2klQzMlQjNuJTIwc2luY3Jvbml6YWRhJTIwY29uJTIwZWwlMjB2aWRlbyUyMHBhcmElMjBkaXNwb25lciUyMGRlJTIwZGF0b3MlMjBwcmVjaXNvcyUyMGVuJTIwY2FkYSUyMG1vbWVudG8uJTBBJTIwJTIwJTIwJTIwJTIwJTIwJTIwJTIwJTNDJTJGcCUzRSUwQSUyMCUyMCUyMCUyMCUzQyUyRmRpdiUzRSUwQSUwQSUyMCUyMCUyMCUyMCUzQyUyMS0tJTIwQnVzY2FyJTIweSUyMEZpbHRyYXIlMjAtLSUzRSUwQSUyMCUyMCUyMCUyMCUzQ2RpdiUyMGNsYXNzJTNEJTIyZmVhdHVyZS1jYXJkJTIyJTNFJTBBJTIwJTIwJTIwJTIwJTIwJTIwJTIwJTIwJTNDaSUyMGNsYXNzJTNEJTIyZmEtc29saWQlMjBmYS1zZWFyY2glMjBmZWF0dXJlLWljb24lMjIlM0UlM0MlMkZpJTNFJTBBJTIwJTIwJTIwJTIwJTIwJTIwJTIwJTIwJTNDaDMlMjBjbGFzcyUzRCUyMmZlYXR1cmUtdGl0bGUlMjIlM0VCdXNjYXIlMjB5JTIwRmlsdHJhciUzQyUyRmgzJTNFJTBBJTIwJTIwJTIwJTIwJTIwJTIwJTIwJTIwJTNDcCUyMGNsYXNzJTNEJTIyZmVhdHVyZS1kZXNjJTIyJTNFJTBBJTIwJTIwJTIwJTIwJTIwJTIwJTIwJTIwJTIwJTIwJTIwJTIwQnVzY2FyJTIwbG9zJTIwbW9tZW50b3MlMjByZWxldmFudGVzJTIwZGUlMjBjYWRhJTIwdmlkZW8lMjBtZWRpYW50ZSUyMGZpbHRyYWRvJTIwZGUlMjBldGlxdWV0YXMlMjB5JTIwbm90YXMlMjBhJUMzJUIxYWRpZGFzJTIwcG9yJTIwbG9zJTIwdXN1YXJpb3MuJTBBJTIwJTIwJTIwJTIwJTIwJTIwJTIwJTIwJTNDJTJGcCUzRSUwQSUyMCUyMCUyMCUyMCUzQyUyRmRpdiUzRSUwQSUwQSUyMCUyMCUyMCUyMCUzQyUyMS0tJTIwUHJlc2VudGFyJTIwLS0lM0UlMEElMjAlMjAlMjAlMjAlM0NkaXYlMjBjbGFzcyUzRCUyMmZlYXR1cmUtY2FyZCUyMiUzRSUwQSUyMCUyMCUyMCUyMCUyMCUyMCUyMCUyMCUzQ2klMjBjbGFzcyUzRCUyMmZhLXNvbGlkJTIwZmEtY2hhcnQtbGluZSUyMGZlYXR1cmUtaWNvbiUyMiUzRSUzQyUyRmklM0UlMEElMjAlMjAlMjAlMjAlMjAlMjAlMjAlMjAlM0NoMyUyMGNsYXNzJTNEJTIyZmVhdHVyZS10aXRsZSUyMiUzRVByZXNlbnRhciUzQyUyRmgzJTNFJTBBJTIwJTIwJTIwJTIwJTIwJTIwJTIwJTIwJTNDcCUyMGNsYXNzJTNEJTIyZmVhdHVyZS1kZXNjJTIyJTNFJTBBJTIwJTIwJTIwJTIwJTIwJTIwJTIwJTIwJTIwJTIwJTIwJTIwUHJlc2VudGFyJTIwZWwlMjBhbiVDMyVBMWxpc2lzJTIwdXNhbmRvJTIwZmljaGFzJTIwY29tcGxlbWVudGFyaWFzJTIwZSUyMGludGVyYWN0dWFuZG8lMjBjb24lMjB6b29tJTJDJTIwYyVDMyVBMW1hcmElMjBsZW50YSUyMG8lMjBtYXJjYWRvJTIwZW4lMjBsYSUyMGltYWdlbi4lMEElMjAlMjAlMjAlMjAlMjAlMjAlMjAlMjAlM0MlMkZwJTNFJTBBJTIwJTIwJTIwJTIwJTNDJTJGZGl2JTNFJTBBJTBBJTIwJTIwJTIwJTIwJTNDJTIxLS0lMjBDb21wYXJ0aXIlMjAtLSUzRSUwQSUyMCUyMCUyMCUyMCUzQ2RpdiUyMGNsYXNzJTNEJTIyZmVhdHVyZS1jYXJkJTIyJTNFJTBBJTIwJTIwJTIwJTIwJTIwJTIwJTIwJTIwJTNDaSUyMGNsYXNzJTNEJTIyZmEtc29saWQlMjBmYS1zaGFyZS1mcm9tLXNxdWFyZSUyMGZlYXR1cmUtaWNvbiUyMiUzRSUzQyUyRmklM0UlMEElMjAlMjAlMjAlMjAlMjAlMjAlMjAlMjAlM0NoMyUyMGNsYXNzJTNEJTIyZmVhdHVyZS10aXRsZSUyMiUzRUNvbXBhcnRpciUzQyUyRmgzJTNFJTBBJTIwJTIwJTIwJTIwJTIwJTIwJTIwJTIwJTNDcCUyMGNsYXNzJTNEJTIyZmVhdHVyZS1kZXNjJTIyJTNFJTBBJTIwJTIwJTIwJTIwJTIwJTIwJTIwJTIwJTIwJTIwJTIwJTIwQ3JlYXIlMjBjb250ZW5pZG8lMjByZWxldmFudGUlMjB5JTIwZGUlMjBhbHRhJTIwY2FsaWRhZCUyMHBhcmElMjBjb21wYXJ0aXIlMjBkaXJlY3RhbWVudGUlMjBvJTIwZGlmdW5kaXIlMjBwb3IlMjBpbnRlcm5ldC4lMEElMjAlMjAlMjAlMjAlMjAlMjAlMjAlMjAlM0MlMkZwJTNFJTBBJTIwJTIwJTIwJTIwJTNDJTJGZGl2JTNFJTBBJTBBJTNDJTJGZGl2JTNFJTBB[\/vc_raw_html][\/vc_column][\/vc_row][vc_row fullwidth=\u00bbtrue\u00bb fullwidth_content=\u00bbfalse\u00bb][vc_column][mk_padding_divider size=\u00bb70&#8243;][vc_column_text css=\u00bb.vc_custom_1548858892441{margin-bottom: 0px !important;}\u00bb]\n<p class=\"tituloshome\" style=\"text-align: center;\">Sectores en los que trabajamos<\/p>\n[\/vc_column_text][mk_padding_divider size=\u00bb60&#8243;][vc_row_inner column_padding=\u00bb50&#8243;][vc_column_inner width=\u00bb5\/12&#8243; offset=\u00bbvc_col-lg-offset-1&#8243;][vc_single_image image=\u00bb671&#8243; onclick=\u00bbcustom_link\u00bb title=\u00bbInfraestructuras\u00bb link=\u00bbhttps:\/\/1d3a.es\/?page_id=669&#8243;][\/vc_column_inner][vc_column_inner width=\u00bb5\/12&#8243;][vc_single_image image=\u00bb670&#8243; onclick=\u00bbcustom_link\u00bb img_link_target=\u00bb_blank\u00bb title=\u00bbDeportes\u00bb link=\u00bbhttp:\/\/ericsports.org\/\u00bb][\/vc_column_inner][\/vc_row_inner][mk_padding_divider size=\u00bb8&#8243;][mk_padding_divider size=\u00bb70&#8243;][\/vc_column][\/vc_row][vc_row][vc_column][mk_padding_divider size=\u00bb15&#8243;][vc_separator color=\u00bbcustom\u00bb style=\u00bbshadow\u00bb border_width=\u00bb3&#8243; css_animation=\u00bbappear\u00bb accent_color=\u00bb#a80c19&#8243;][vc_column_text css=\u00bb.vc_custom_1548858899398{margin-bottom: 0px !important;}\u00bb]\n<p class=\"tituloshome\" style=\"text-align: center;\">En base a nuestra plataforma, desarrollamos soluciones personalizadas para cada cliente<\/p>\n[\/vc_column_text][mk_padding_divider size=\u00bb15&#8243;][vc_raw_html]JTNDJTIxLS0lMjBGb250JTIwQXdlc29tZSUyMC0tJTNFJTBBJTNDbGluayUyMHJlbCUzRCUyMnN0eWxlc2hlZXQlMjIlMjBocmVmJTNEJTIyaHR0cHMlM0ElMkYlMkZjZG5qcy5jbG91ZGZsYXJlLmNvbSUyRmFqYXglMkZsaWJzJTJGZm9udC1hd2Vzb21lJTJGNi41LjAlMkZjc3MlMkZhbGwubWluLmNzcyUyMiUzRSUwQSUwQSUzQ3N0eWxlJTNFJTBBJTIwJTIwJTIwJTIwLm1vZGVybi1pY29ucy1ncmlkJTIwJTdCJTBBJTIwJTIwJTIwJTIwJTIwJTIwJTIwJTIwZGlzcGxheSUzQSUyMGdyaWQlM0IlMEElMjAlMjAlMjAlMjAlMjAlMjAlMjAlMjBncmlkLXRlbXBsYXRlLWNvbHVtbnMlM0ElMjByZXBlYXQlMjg0JTJDJTIwMWZyJTI5JTNCJTBBJTIwJTIwJTIwJTIwJTIwJTIwJTIwJTIwZ2FwJTNBJTIwMzVweCUzQiUwQSUyMCUyMCUyMCUyMCUyMCUyMCUyMCUyMHBhZGRpbmclM0ElMjAyMHB4JTIwMTBweCUzQiUwQSUyMCUyMCUyMCUyMCU3RCUwQSUwQSUyMCUyMCUyMCUyMCU0MG1lZGlhJTI4bWF4LXdpZHRoJTNBJTIwOTkxcHglMjklMjAlN0IlMEElMjAlMjAlMjAlMjAlMjAlMjAlMjAlMjAubW9kZXJuLWljb25zLWdyaWQlMjAlN0IlMEElMjAlMjAlMjAlMjAlMjAlMjAlMjAlMjAlMjAlMjAlMjAlMjBncmlkLXRlbXBsYXRlLWNvbHVtbnMlM0ElMjByZXBlYXQlMjgyJTJDJTIwMWZyJTI5JTNCJTBBJTIwJTIwJTIwJTIwJTIwJTIwJTIwJTIwJTdEJTBBJTIwJTIwJTIwJTIwJTdEJTBBJTBBJTIwJTIwJTIwJTIwJTQwbWVkaWElMjhtYXgtd2lkdGglM0ElMjA1MDBweCUyOSUyMCU3QiUwQSUyMCUyMCUyMCUyMCUyMCUyMCUyMCUyMC5tb2Rlcm4taWNvbnMtZ3JpZCUyMCU3QiUwQSUyMCUyMCUyMCUyMCUyMCUyMCUyMCUyMCUyMCUyMCUyMCUyMGdyaWQtdGVtcGxhdGUtY29sdW1ucyUzQSUyMHJlcGVhdCUyODElMkMlMjAxZnIlMjklM0IlMEElMjAlMjAlMjAlMjAlMjAlMjAlMjAlMjAlN0QlMEElMjAlMjAlMjAlMjAlN0QlMEElMEElMjAlMjAlMjAlMjAubW9kZXJuLWNhcmQlMjAlN0IlMEElMjAlMjAlMjAlMjAlMjAlMjAlMjAlMjBiYWNrZ3JvdW5kJTNBJTIwJTIzZmZmZmZmJTNCJTBBJTIwJTIwJTIwJTIwJTIwJTIwJTIwJTIwYm9yZGVyLXJhZGl1cyUzQSUyMDE0cHglM0IlMEElMjAlMjAlMjAlMjAlMjAlMjAlMjAlMjBwYWRkaW5nJTNBJTIwMzBweCUyMDI1cHglM0IlMEElMjAlMjAlMjAlMjAlMjAlMjAlMjAlMjBib3gtc2hhZG93JTNBJTIwMCUyMDZweCUyMDIwcHglMjByZ2JhJTI4MCUyQzAlMkMwJTJDMC4wOCUyOSUzQiUwQSUyMCUyMCUyMCUyMCUyMCUyMCUyMCUyMHRyYW5zaXRpb24lM0ElMjBhbGwlMjAuMjVzJTIwZWFzZSUzQiUwQSUyMCUyMCUyMCUyMCUyMCUyMCUyMCUyMHRleHQtYWxpZ24lM0ElMjBjZW50ZXIlM0IlMEElMjAlMjAlMjAlMjAlMjAlMjAlMjAlMjBib3JkZXIlM0ElMjAxcHglMjBzb2xpZCUyMCUyM2VlZSUzQiUwQSUyMCUyMCUyMCUyMCU3RCUwQSUwQSUyMCUyMCUyMCUyMC5tb2Rlcm4tY2FyZCUzQWhvdmVyJTIwJTdCJTBBJTIwJTIwJTIwJTIwJTIwJTIwJTIwJTIwdHJhbnNmb3JtJTNBJTIwdHJhbnNsYXRlWSUyOC02cHglMjklM0IlMEElMjAlMjAlMjAlMjAlMjAlMjAlMjAlMjBib3gtc2hhZG93JTNBJTIwMCUyMDEwcHglMjAyOHB4JTIwcmdiYSUyODAlMkMwJTJDMCUyQzAuMTIlMjklM0IlMEElMjAlMjAlMjAlMjAlN0QlMEElMEElMjAlMjAlMjAlMjAubW9kZXJuLWljb24tY2lyY2xlJTIwJTdCJTBBJTIwJTIwJTIwJTIwJTIwJTIwJTIwJTIwd2lkdGglM0ElMjAxMTBweCUzQiUwQSUyMCUyMCUyMCUyMCUyMCUyMCUyMCUyMGhlaWdodCUzQSUyMDExMHB4JTNCJTBBJTIwJTIwJTIwJTIwJTIwJTIwJTIwJTIwYmFja2dyb3VuZCUzQSUyMCUyMzczNzM3MyUzQiUyMCUwQSUyMCUyMCUyMCUyMCUyMCUyMCUyMCUyMGJvcmRlci1yYWRpdXMlM0ElMjA1MCUyNSUzQiUwQSUyMCUyMCUyMCUyMCUyMCUyMCUyMCUyMGRpc3BsYXklM0ElMjBmbGV4JTNCJTBBJTIwJTIwJTIwJTIwJTIwJTIwJTIwJTIwYWxpZ24taXRlbXMlM0ElMjBjZW50ZXIlM0IlMEElMjAlMjAlMjAlMjAlMjAlMjAlMjAlMjBqdXN0aWZ5LWNvbnRlbnQlM0ElMjBjZW50ZXIlM0IlMEElMjAlMjAlMjAlMjAlMjAlMjAlMjAlMjBtYXJnaW4lM0ElMjAwJTIwYXV0byUyMDE4cHglMjBhdXRvJTNCJTBBJTIwJTIwJTIwJTIwJTIwJTIwJTIwJTIwdHJhbnNpdGlvbiUzQSUyMC4yNXMlMjBlYXNlJTNCJTBBJTIwJTIwJTIwJTIwJTdEJTBBJTBBJTIwJTIwJTIwJTIwLm1vZGVybi1jYXJkJTNBaG92ZXIlMjAubW9kZXJuLWljb24tY2lyY2xlJTIwJTdCJTBBJTIwJTIwJTIwJTIwJTIwJTIwJTIwJTIwYmFja2dyb3VuZCUzQSUyMCUyMzVjNWM1YyUzQiUwQSUyMCUyMCUyMCUyMCU3RCUwQSUwQSUyMCUyMCUyMCUyMC5tb2Rlcm4taWNvbi1jaXJjbGUlMjBpJTIwJTdCJTBBJTIwJTIwJTIwJTIwJTIwJTIwJTIwJTIwY29sb3IlM0ElMjAlMjNmZmYlM0IlMEElMjAlMjAlMjAlMjAlMjAlMjAlMjAlMjBmb250LXNpemUlM0ElMjA1MHB4JTNCJTBBJTIwJTIwJTIwJTIwJTdEJTBBJTBBJTIwJTIwJTIwJTIwLm1vZGVybi10aXRsZSUyMCU3QiUwQSUyMCUyMCUyMCUyMCUyMCUyMCUyMCUyMGZvbnQtc2l6ZSUzQSUyMDIwcHglM0IlMEElMjAlMjAlMjAlMjAlMjAlMjAlMjAlMjBmb250LXdlaWdodCUzQSUyMDcwMCUzQiUwQSUyMCUyMCUyMCUyMCUyMCUyMCUyMCUyMGNvbG9yJTNBJTIwJTIzZDg0MzE1JTNCJTIwJTJGJTJBJTIwbmFyYW5qYSUyMGRlbCUyMGRpc2UlQzMlQjFvJTIwYW50ZXJpb3IlMjAlMkElMkYlMEElMjAlMjAlMjAlMjAlMjAlMjAlMjAlMjBtYXJnaW4tYm90dG9tJTNBJTIwMTJweCUzQiUwQSUyMCUyMCUyMCUyMCU3RCUwQSUwQSUyMCUyMCUyMCUyMCU0MG1lZGlhJTI4bWF4LXdpZHRoJTNBJTIwNTAwcHglMjklMjAlN0IlMEElMjAlMjAlMjAlMjAlMjAlMjAlMjAlMjAubW9kZXJuLWljb24tY2lyY2xlJTIwJTdCJTBBJTIwJTIwJTIwJTIwJTIwJTIwJTIwJTIwJTIwJTIwJTIwJTIwd2lkdGglM0ElMjA4NXB4JTNCJTBBJTIwJTIwJTIwJTIwJTIwJTIwJTIwJTIwJTIwJTIwJTIwJTIwaGVpZ2h0JTNBJTIwODVweCUzQiUwQSUyMCUyMCUyMCUyMCUyMCUyMCUyMCUyMCU3RCUwQSUyMCUyMCUyMCUyMCUyMCUyMCUyMCUyMC5tb2Rlcm4taWNvbi1jaXJjbGUlMjBpJTIwJTdCJTBBJTIwJTIwJTIwJTIwJTIwJTIwJTIwJTIwJTIwJTIwJTIwJTIwZm9udC1zaXplJTNBJTIwMzZweCUzQiUwQSUyMCUyMCUyMCUyMCUyMCUyMCUyMCUyMCU3RCUwQSUyMCUyMCUyMCUyMCUyMCUyMCUyMCUyMC5tb2Rlcm4tdGl0bGUlMjAlN0IlMEElMjAlMjAlMjAlMjAlMjAlMjAlMjAlMjAlMjAlMjAlMjAlMjBmb250LXNpemUlM0ElMjAxOHB4JTNCJTBBJTIwJTIwJTIwJTIwJTIwJTIwJTIwJTIwJTdEJTBBJTIwJTIwJTIwJTIwJTdEJTBBJTNDJTJGc3R5bGUlM0UlMEElMEElM0NkaXYlMjBjbGFzcyUzRCUyMm1vZGVybi1pY29ucy1ncmlkJTIyJTNFJTBBJTBBJTIwJTIwJTIwJTIwJTNDZGl2JTIwY2xhc3MlM0QlMjJtb2Rlcm4tY2FyZCUyMiUzRSUwQSUyMCUyMCUyMCUyMCUyMCUyMCUyMCUyMCUzQ2RpdiUyMGNsYXNzJTNEJTIybW9kZXJuLWljb24tY2lyY2xlJTIyJTNFJTNDaSUyMGNsYXNzJTNEJTIyZmEtc29saWQlMjBmYS1sYXB0b3AlMjIlM0UlM0MlMkZpJTNFJTNDJTJGZGl2JTNFJTBBJTIwJTIwJTIwJTIwJTIwJTIwJTIwJTIwJTNDaDMlMjBjbGFzcyUzRCUyMm1vZGVybi10aXRsZSUyMiUzRVN0b3JhZ2UlM0MlMkZoMyUzRSUwQSUyMCUyMCUyMCUyMCUzQyUyRmRpdiUzRSUwQSUwQSUyMCUyMCUyMCUyMCUzQ2RpdiUyMGNsYXNzJTNEJTIybW9kZXJuLWNhcmQlMjIlM0UlMEElMjAlMjAlMjAlMjAlMjAlMjAlMjAlMjAlM0NkaXYlMjBjbGFzcyUzRCUyMm1vZGVybi1pY29uLWNpcmNsZSUyMiUzRSUzQ2klMjBjbGFzcyUzRCUyMmZhLXNvbGlkJTIwZmEtY2xvdWQlMjIlM0UlM0MlMkZpJTNFJTNDJTJGZGl2JTNFJTBBJTIwJTIwJTIwJTIwJTIwJTIwJTIwJTIwJTNDaDMlMjBjbGFzcyUzRCUyMm1vZGVybi10aXRsZSUyMiUzRUNsb3VkJTNDJTJGaDMlM0UlMEElMjAlMjAlMjAlMjAlM0MlMkZkaXYlM0UlMEElMEElMjAlMjAlMjAlMjAlM0NkaXYlMjBjbGFzcyUzRCUyMm1vZGVybi1jYXJkJTIyJTNFJTBBJTIwJTIwJTIwJTIwJTIwJTIwJTIwJTIwJTNDZGl2JTIwY2xhc3MlM0QlMjJtb2Rlcm4taWNvbi1jaXJjbGUlMjIlM0UlM0NpJTIwY2xhc3MlM0QlMjJmYS1zb2xpZCUyMGZhLW1vYmlsZS1zY3JlZW4lMjIlM0UlM0MlMkZpJTNFJTNDJTJGZGl2JTNFJTBBJTIwJTIwJTIwJTIwJTIwJTIwJTIwJTIwJTNDaDMlMjBjbGFzcyUzRCUyMm1vZGVybi10aXRsZSUyMiUzRU1vYmlsZSUzQyUyRmgzJTNFJTBBJTIwJTIwJTIwJTIwJTNDJTJGZGl2JTNFJTBBJTBBJTIwJTIwJTIwJTIwJTNDZGl2JTIwY2xhc3MlM0QlMjJtb2Rlcm4tY2FyZCUyMiUzRSUwQSUyMCUyMCUyMCUyMCUyMCUyMCUyMCUyMCUzQ2RpdiUyMGNsYXNzJTNEJTIybW9kZXJuLWljb24tY2lyY2xlJTIyJTNFJTNDaSUyMGNsYXNzJTNEJTIyZmEtc29saWQlMjBmYS1kYXRhYmFzZSUyMiUzRSUzQyUyRmklM0UlM0MlMkZkaXYlM0UlMEElMjAlMjAlMjAlMjAlMjAlMjAlMjAlMjAlM0NoMyUyMGNsYXNzJTNEJTIybW9kZXJuLXRpdGxlJTIyJTNFRGF0YSUyMFdhcmVob3VzZSUzQyUyRmgzJTNFJTBBJTIwJTIwJTIwJTIwJTNDJTJGZGl2JTNFJTBBJTBBJTIwJTIwJTIwJTIwJTNDZGl2JTIwY2xhc3MlM0QlMjJtb2Rlcm4tY2FyZCUyMiUzRSUwQSUyMCUyMCUyMCUyMCUyMCUyMCUyMCUyMCUzQ2RpdiUyMGNsYXNzJTNEJTIybW9kZXJuLWljb24tY2lyY2xlJTIyJTNFJTNDaSUyMGNsYXNzJTNEJTIyZmEtc29saWQlMjBmYS1leWUlMjIlM0UlM0MlMkZpJTNFJTNDJTJGZGl2JTNFJTBBJTIwJTIwJTIwJTIwJTIwJTIwJTIwJTIwJTNDaDMlMjBjbGFzcyUzRCUyMm1vZGVybi10aXRsZSUyMiUzRUJlbmNoJTNDJTJGaDMlM0UlMEElMjAlMjAlMjAlMjAlM0MlMkZkaXYlM0UlMEElMEElMjAlMjAlMjAlMjAlM0NkaXYlMjBjbGFzcyUzRCUyMm1vZGVybi1jYXJkJTIyJTNFJTBBJTIwJTIwJTIwJTIwJTIwJTIwJTIwJTIwJTNDZGl2JTIwY2xhc3MlM0QlMjJtb2Rlcm4taWNvbi1jaXJjbGUlMjIlM0UlM0NpJTIwY2xhc3MlM0QlMjJmYS1zb2xpZCUyMGZhLWNoYXJ0LWxpbmUlMjIlM0UlM0MlMkZpJTNFJTNDJTJGZGl2JTNFJTBBJTIwJTIwJTIwJTIwJTIwJTIwJTIwJTIwJTNDaDMlMjBjbGFzcyUzRCUyMm1vZGVybi10aXRsZSUyMiUzRU1ldHJpY3MlM0MlMkZoMyUzRSUwQSUyMCUyMCUyMCUyMCUzQyUyRmRpdiUzRSUwQSUwQSUyMCUyMCUyMCUyMCUzQ2RpdiUyMGNsYXNzJTNEJTIybW9kZXJuLWNhcmQlMjIlM0UlMEElMjAlMjAlMjAlMjAlMjAlMjAlMjAlMjAlM0NkaXYlMjBjbGFzcyUzRCUyMm1vZGVybi1pY29uLWNpcmNsZSUyMiUzRSUzQ2klMjBjbGFzcyUzRCUyMmZhLXNvbGlkJTIwZmEtZ3JhZHVhdGlvbi1jYXAlMjIlM0UlM0MlMkZpJTNFJTNDJTJGZGl2JTNFJTBBJTIwJTIwJTIwJTIwJTIwJTIwJTIwJTIwJTNDaDMlMjBjbGFzcyUzRCUyMm1vZGVybi10aXRsZSUyMiUzRUFjYWRlbXklM0MlMkZoMyUzRSUwQSUyMCUyMCUyMCUyMCUzQyUyRmRpdiUzRSUwQSUwQSUyMCUyMCUyMCUyMCUzQ2RpdiUyMGNsYXNzJTNEJTIybW9kZXJuLWNhcmQlMjIlM0UlMEElMjAlMjAlMjAlMjAlMjAlMjAlMjAlMjAlM0NkaXYlMjBjbGFzcyUzRCUyMm1vZGVybi1pY29uLWNpcmNsZSUyMiUzRSUzQ2klMjBjbGFzcyUzRCUyMmZhLXNvbGlkJTIwZmEtcGVvcGxlLWdyb3VwJTIyJTNFJTNDJTJGaSUzRSUzQyUyRmRpdiUzRSUwQSUyMCUyMCUyMCUyMCUyMCUyMCUyMCUyMCUzQ2gzJTIwY2xhc3MlM0QlMjJtb2Rlcm4tdGl0bGUlMjIlM0VDb25zdWx0aW5nJTNDJTJGaDMlM0UlMEElMjAlMjAlMjAlMjAlM0MlMkZkaXYlM0UlMEElMEElM0MlMkZkaXYlM0UlMEE=[\/vc_raw_html][\/vc_column][\/vc_row][vc_row][vc_column offset=\u00bbvc_hidden-sm vc_hidden-xs\u00bb][mk_padding_divider size=\u00bb60&#8243;][mk_padding_divider size=\u00bb60&#8243;][vc_masonry_media_grid style=\u00bblazy\u00bb items_per_page=\u00bb12&#8243; element_width=\u00bb2&#8243; gap=\u00bb4&#8243; grid_id=\u00bbvc_gid:1765358964969-a415262e4605282fc22f7bd22d01c7b6-9&#8243; include=\u00bb241,248,236,247,243,235,226,337,342,244,249,240,234,237,225,242,239,338,339,340,349,350,238&#8243;][\/vc_column][\/vc_row][vc_row][vc_column offset=\u00bbvc_hidden-lg vc_hidden-md\u00bb][mk_padding_divider size=\u00bb60&#8243;][vc_single_image image=\u00bb402&#8243; img_size=\u00bbfull\u00bb][\/vc_column][\/vc_row]\n","protected":false},"excerpt":{"rendered":"<p>[vc_row fullwidth=\u00bbtrue\u00bb][vc_column el_class=\u00bbimghome\u00bb offset=\u00bbvc_hidden-sm vc_hidden-xs\u00bb][vc_single_image image=\u00bb695&#8243; img_size=\u00bbfull\u00bb alignment=\u00bbcenter\u00bb el_class=\u00bbimagenhome\u00bb][\/vc_column][\/vc_row][vc_row fullwidth=\u00bbtrue\u00bb][vc_column offset=\u00bbvc_hidden-lg vc_hidden-md\u00bb][vc_single_image image=\u00bb567&#8243; img_size=\u00bbfull\u00bb][\/vc_column][\/vc_row][vc_row fullwidth=\u00bbtrue\u00bb disable_element=\u00bbyes\u00bb][vc_column][vc_row_inner][vc_column_inner][vc_column_text][mk_revslider id=\u00bbmain\u00bb][\/vc_column_text][\/vc_column_inner][\/vc_row_inner][\/vc_column][\/vc_row][vc_row fullwidth=\u00bbtrue\u00bb fullwidth_content=\u00bbfalse\u00bb css=\u00bb.vc_custom_1764957692846{background-color: #1e3954 !important;}\u00bb][vc_column css=\u00bb.vc_custom_1547659045406{margin-top: 100px !important;margin-bottom: 100px !important;}\u00bb][vc_column_text align=\u00bbcenter\u00bb css=\u00bb.vc_custom_1764185060200{margin-bottom: 0px !important;}\u00bb] 1D3A es una ingenier\u00eda de tecnolog\u00eda e innovaci\u00f3n especializada en sistemas de tratamiento, gesti\u00f3n y catalogaci\u00f3n de v\u00eddeos. Fue fundada en 2007 y cuenta [&hellip;]<\/p>\n","protected":false},"author":6,"featured_media":0,"parent":0,"menu_order":0,"comment_status":"closed","ping_status":"closed","template":"","meta":{"_mo_disable_npp":""},"_links":{"self":[{"href":"https:\/\/1d3a.es\/index.php?rest_route=\/wp\/v2\/pages\/31"}],"collection":[{"href":"https:\/\/1d3a.es\/index.php?rest_route=\/wp\/v2\/pages"}],"about":[{"href":"https:\/\/1d3a.es\/index.php?rest_route=\/wp\/v2\/types\/page"}],"author":[{"embeddable":true,"href":"https:\/\/1d3a.es\/index.php?rest_route=\/wp\/v2\/users\/6"}],"replies":[{"embeddable":true,"href":"https:\/\/1d3a.es\/index.php?rest_route=%2Fwp%2Fv2%2Fcomments&post=31"}],"version-history":[{"count":0,"href":"https:\/\/1d3a.es\/index.php?rest_route=\/wp\/v2\/pages\/31\/revisions"}],"wp:attachment":[{"href":"https:\/\/1d3a.es\/index.php?rest_route=%2Fwp%2Fv2%2Fmedia&parent=31"}],"curies":[{"name":"wp","href":"https:\/\/api.w.org\/{rel}","templated":true}]}}